{"id":4419,"date":"2025-11-11T20:56:51","date_gmt":"2025-11-11T20:56:51","guid":{"rendered":"https:\/\/thecakeryusa.com\/es\/?post_type=product&#038;p=4419"},"modified":"2025-11-11T21:37:28","modified_gmt":"2025-11-11T21:37:28","slug":"galletas-estilo-ny-sugar-free-chocolate-y-coco","status":"publish","type":"product","link":"https:\/\/thecakeryusa.com\/es\/galletas\/sugar-free\/galletas-estilo-ny-sugar-free-chocolate-y-coco\/","title":{"rendered":"Galletas Estilo NY Sugar Free Chocolate y Coco"},"content":{"rendered":"<style>.kb-row-layout-wrap.wp-block-kadence-rowlayout.kb-row-layout-id4419_3dcf81-49{margin-top:0em;margin-bottom:0em;}.kb-row-layout-id4419_3dcf81-49 > .kt-row-column-wrap{align-content:start;}:where(.kb-row-layout-id4419_3dcf81-49 > .kt-row-column-wrap) > .wp-block-kadence-column{justify-content:start;}.kb-row-layout-id4419_3dcf81-49 > .kt-row-column-wrap{column-gap:1em;row-gap:1em;max-width:var( --global-content-width, 1088px );padding-left:var(--global-content-edge-padding);padding-right:var(--global-content-edge-padding);padding-top:0em;padding-right:0em;padding-bottom:0em;padding-left:0em;grid-template-columns:minmax(0, calc(70% - ((1em * 1 )\/2)))minmax(0, calc(30% - ((1em * 1 )\/2)));}.kb-row-layout-id4419_3dcf81-49 > .kt-row-layout-overlay{opacity:0.30;}@media all and (max-width: 1024px){.kb-row-layout-id4419_3dcf81-49 > .kt-row-column-wrap{grid-template-columns:repeat(2, minmax(0, 1fr));}}@media all and (max-width: 767px){.kb-row-layout-id4419_3dcf81-49 > .kt-row-column-wrap{grid-template-columns:minmax(0, 1fr);}.kb-row-layout-id4419_3dcf81-49 > .kt-row-column-wrap > .wp-block-kadence-column:nth-child(1 of *:not(style)){order:2;}.kb-row-layout-id4419_3dcf81-49 > .kt-row-column-wrap > .wp-block-kadence-column:nth-child(2 of *:not(style)){order:1;}.kb-row-layout-id4419_3dcf81-49 > .kt-row-column-wrap > .wp-block-kadence-column:nth-child(3 of *:not(style)){order:12;}.kb-row-layout-id4419_3dcf81-49 > .kt-row-column-wrap > .wp-block-kadence-column:nth-child(4 of *:not(style)){order:11;}.kb-row-layout-id4419_3dcf81-49 > .kt-row-column-wrap > .wp-block-kadence-column:nth-child(5 of *:not(style)){order:22;}.kb-row-layout-id4419_3dcf81-49 > .kt-row-column-wrap > .wp-block-kadence-column:nth-child(6 of *:not(style)){order:21;}.kb-row-layout-id4419_3dcf81-49 > .kt-row-column-wrap > .wp-block-kadence-column:nth-child(7 of *:not(style)){order:32;}.kb-row-layout-id4419_3dcf81-49 > .kt-row-column-wrap > .wp-block-kadence-column:nth-child(8 of *:not(style)){order:31;}}<\/style><div class=\"kb-row-layout-wrap kb-row-layout-id4419_3dcf81-49 alignnone wp-block-kadence-rowlayout\"><div class=\"kt-row-column-wrap kt-has-2-columns kt-row-layout-equal kt-tab-layout-inherit kt-mobile-layout-row kt-row-valign-top kb-theme-content-width\">\n<style>.kadence-column4419_bfd055-12 > .kt-inside-inner-col{display:flex;}.kadence-column4419_bfd055-12 > .kt-inside-inner-col{padding-top:0em;padding-right:0em;padding-bottom:0em;padding-left:0em;}.kadence-column4419_bfd055-12 > .kt-inside-inner-col,.kadence-column4419_bfd055-12 > .kt-inside-inner-col:before{border-top-left-radius:0em;border-top-right-radius:0em;border-bottom-right-radius:0em;border-bottom-left-radius:0em;}.kadence-column4419_bfd055-12 > .kt-inside-inner-col{row-gap:1em;column-gap:var(--global-kb-gap-sm, 1rem);}.kadence-column4419_bfd055-12 > .kt-inside-inner-col{flex-direction:column;}.kadence-column4419_bfd055-12 > .kt-inside-inner-col > .aligncenter{width:100%;}.kadence-column4419_bfd055-12 > .kt-inside-inner-col:before{opacity:0.3;}.kadence-column4419_bfd055-12{text-align:left;}.kadence-column4419_bfd055-12{position:relative;}.kadence-column4419_bfd055-12, .kt-inside-inner-col > .kadence-column4419_bfd055-12:not(.specificity){margin-top:0em;margin-right:0em;margin-bottom:0em;margin-left:0em;}@media all and (max-width: 1024px){.kadence-column4419_bfd055-12 > .kt-inside-inner-col{flex-direction:column;justify-content:center;}}@media all and (max-width: 767px){.kadence-column4419_bfd055-12 > .kt-inside-inner-col{flex-direction:column;justify-content:center;}}<\/style>\n<div class=\"wp-block-kadence-column kadence-column4419_bfd055-12\"><div class=\"kt-inside-inner-col\"><style>.wp-block-kadence-advancedheading.kt-adv-heading4419_10dfa7-33, .wp-block-kadence-advancedheading.kt-adv-heading4419_10dfa7-33[data-kb-block=\"kb-adv-heading4419_10dfa7-33\"]{padding-top:0em;padding-right:0em;padding-bottom:0em;padding-left:0em;margin-top:0em;margin-right:0em;margin-bottom:0em;margin-left:0em;font-style:normal;}.wp-block-kadence-advancedheading.kt-adv-heading4419_10dfa7-33 mark.kt-highlight, .wp-block-kadence-advancedheading.kt-adv-heading4419_10dfa7-33[data-kb-block=\"kb-adv-heading4419_10dfa7-33\"] mark.kt-highlight{font-style:normal;color:#f76a0c;-webkit-box-decoration-break:clone;box-decoration-break:clone;padding-top:0px;padding-right:0px;padding-bottom:0px;padding-left:0px;}.wp-block-kadence-advancedheading.kt-adv-heading4419_10dfa7-33 img.kb-inline-image, .wp-block-kadence-advancedheading.kt-adv-heading4419_10dfa7-33[data-kb-block=\"kb-adv-heading4419_10dfa7-33\"] img.kb-inline-image{width:150px;vertical-align:baseline;}<\/style>\n<h5 class=\"kt-adv-heading4419_10dfa7-33 wp-block-kadence-advancedheading\" data-kb-block=\"kb-adv-heading4419_10dfa7-33\">Descripci\u00f3n<\/h5>\n\n\n<style>.wp-block-kadence-advancedheading.kt-adv-heading4419_372dd8-52, .wp-block-kadence-advancedheading.kt-adv-heading4419_372dd8-52[data-kb-block=\"kb-adv-heading4419_372dd8-52\"]{padding-top:0em;padding-right:0em;padding-bottom:0em;padding-left:0em;margin-top:0em;margin-right:0em;margin-bottom:0em;margin-left:0em;font-style:normal;}.wp-block-kadence-advancedheading.kt-adv-heading4419_372dd8-52 mark.kt-highlight, .wp-block-kadence-advancedheading.kt-adv-heading4419_372dd8-52[data-kb-block=\"kb-adv-heading4419_372dd8-52\"] mark.kt-highlight{font-style:normal;color:#f76a0c;-webkit-box-decoration-break:clone;box-decoration-break:clone;padding-top:0px;padding-right:0px;padding-bottom:0px;padding-left:0px;}.wp-block-kadence-advancedheading.kt-adv-heading4419_372dd8-52 img.kb-inline-image, .wp-block-kadence-advancedheading.kt-adv-heading4419_372dd8-52[data-kb-block=\"kb-adv-heading4419_372dd8-52\"] img.kb-inline-image{width:150px;vertical-align:baseline;}<\/style>\n<p class=\"kt-adv-heading4419_372dd8-52 wp-block-kadence-advancedheading\" data-kb-block=\"kb-adv-heading4419_372dd8-52\">Galletas sin az\u00facar estilo New York, ahora en sabor Chocolate y Coco. Tan deliciosas como las tradicionales, s\u00faper suaves por dentro y crujientes por fuera. Esta versi\u00f3n incorpora&nbsp;coco rallado en la mezcla&nbsp;y un&nbsp;topping de coco adicional. El sabor m\u00e1s rico, sin culpa.<\/p>\n\n\n<style>.wp-block-kadence-advancedheading.kt-adv-heading4419_e98294-39, .wp-block-kadence-advancedheading.kt-adv-heading4419_e98294-39[data-kb-block=\"kb-adv-heading4419_e98294-39\"]{padding-top:0em;padding-right:0em;padding-bottom:0em;padding-left:0em;margin-top:0em;margin-right:0em;margin-bottom:0em;margin-left:0em;font-style:normal;}.wp-block-kadence-advancedheading.kt-adv-heading4419_e98294-39 mark.kt-highlight, .wp-block-kadence-advancedheading.kt-adv-heading4419_e98294-39[data-kb-block=\"kb-adv-heading4419_e98294-39\"] mark.kt-highlight{font-style:normal;color:#f76a0c;-webkit-box-decoration-break:clone;box-decoration-break:clone;padding-top:0px;padding-right:0px;padding-bottom:0px;padding-left:0px;}.wp-block-kadence-advancedheading.kt-adv-heading4419_e98294-39 img.kb-inline-image, .wp-block-kadence-advancedheading.kt-adv-heading4419_e98294-39[data-kb-block=\"kb-adv-heading4419_e98294-39\"] img.kb-inline-image{width:150px;vertical-align:baseline;}<\/style>\n<h6 class=\"kt-adv-heading4419_e98294-39 wp-block-kadence-advancedheading\" data-kb-block=\"kb-adv-heading4419_e98294-39\">Informaci\u00f3n Nutricional (por porci\u00f3n: 1 mini cookie \/ 20 g):<\/h6>\n\n\n\n<ul class=\"wp-block-list\">\n<li>Calor\u00edas:&nbsp;57 kcal<\/li>\n\n\n\n<li>Grasas totales:&nbsp;5 g<\/li>\n\n\n\n<li>Grasas saturadas: 1.8 g<\/li>\n\n\n\n<li>Colesterol:&nbsp;8 mg<\/li>\n\n\n\n<li>Sodio:&nbsp;33 mg<\/li>\n\n\n\n<li>Carbohidratos totales:&nbsp;1.8 g<\/li>\n\n\n\n<li>Fibra diet\u00e9tica: 0.8 g<\/li>\n\n\n\n<li>Az\u00facares: &lt;0.3 g (provenientes de chocolate\/nuez, cero a\u00f1adidos)<\/li>\n\n\n\n<li>Prote\u00ednas:&nbsp;1.5 g<\/li>\n<\/ul>\n<\/div><\/div>\n\n\n<style>.kadence-column4419_0cafcf-b3 > .kt-inside-inner-col{display:flex;}.kadence-column4419_0cafcf-b3 > .kt-inside-inner-col{padding-top:0em;padding-right:0em;padding-bottom:0em;padding-left:0em;}.kadence-column4419_0cafcf-b3 > .kt-inside-inner-col,.kadence-column4419_0cafcf-b3 > .kt-inside-inner-col:before{border-top-left-radius:0em;border-top-right-radius:0em;border-bottom-right-radius:0em;border-bottom-left-radius:0em;}.kadence-column4419_0cafcf-b3 > .kt-inside-inner-col{row-gap:1em;column-gap:var(--global-kb-gap-sm, 1rem);}.kadence-column4419_0cafcf-b3 > .kt-inside-inner-col{flex-direction:column;}.kadence-column4419_0cafcf-b3 > .kt-inside-inner-col > .aligncenter{width:100%;}.kadence-column4419_0cafcf-b3 > .kt-inside-inner-col:before{opacity:0.3;}.kadence-column4419_0cafcf-b3{text-align:left;}.kadence-column4419_0cafcf-b3{position:relative;}.kadence-column4419_0cafcf-b3, .kt-inside-inner-col > .kadence-column4419_0cafcf-b3:not(.specificity){margin-top:0em;margin-right:0em;margin-bottom:0em;margin-left:0em;}@media all and (max-width: 1024px){.kadence-column4419_0cafcf-b3 > .kt-inside-inner-col{flex-direction:column;justify-content:center;}}@media all and (max-width: 767px){.kadence-column4419_0cafcf-b3 > .kt-inside-inner-col{flex-direction:column;justify-content:center;}}<\/style>\n<div class=\"wp-block-kadence-column kadence-column4419_0cafcf-b3\"><div class=\"kt-inside-inner-col\"><style>.kb-row-layout-wrap.wp-block-kadence-rowlayout.kb-row-layout-id4419_f48299-f9{margin-top:0em;margin-bottom:0em;}.kb-row-layout-id4419_f48299-f9 > .kt-row-column-wrap{align-content:start;}:where(.kb-row-layout-id4419_f48299-f9 > .kt-row-column-wrap) > .wp-block-kadence-column{justify-content:start;}.kb-row-layout-id4419_f48299-f9 > .kt-row-column-wrap{column-gap:1em;row-gap:1em;max-width:var( --global-content-width, 1088px );padding-left:var(--global-content-edge-padding);padding-right:var(--global-content-edge-padding);padding-top:12em;padding-right:0em;padding-bottom:12em;padding-left:0em;grid-template-columns:minmax(0, 1fr);}.kb-row-layout-id4419_f48299-f9{border-top-left-radius:1em;border-top-right-radius:1em;border-bottom-right-radius:1em;border-bottom-left-radius:1em;overflow:clip;isolation:isolate;}.kb-row-layout-id4419_f48299-f9 > .kt-row-layout-overlay{border-top-left-radius:1em;border-top-right-radius:1em;border-bottom-right-radius:1em;border-bottom-left-radius:1em;}.kb-row-layout-id4419_f48299-f9 > .kt-row-layout-overlay{opacity:0.30;}@media all and (max-width: 1024px){.kb-row-layout-id4419_f48299-f9 > .kt-row-column-wrap{grid-template-columns:minmax(0, 1fr);}}@media all and (max-width: 767px){.kb-row-layout-id4419_f48299-f9 > .kt-row-column-wrap{padding-top:6em;padding-bottom:6em;grid-template-columns:minmax(0, 1fr);}}<\/style><div class=\"kb-row-layout-wrap kb-row-layout-id4419_f48299-f9 alignnone wp-block-kadence-rowlayout\"><div class=\"kb-blocks-bg-video-container\"><video class=\"kb-blocks-bg-video\" id=\"bg-row-video-4419_f48299-f9\" playsinline muted loop src=\"https:\/\/thecakeryusa.com\/es\/wp-content\/uploads\/sites\/2\/2025\/11\/NYcocoCookie2.mp4\" autoplay><\/video><\/div><div class=\"kt-row-column-wrap kt-has-1-columns kt-row-layout-equal kt-tab-layout-inherit kt-mobile-layout-row kt-row-valign-top kb-theme-content-width\">\n<style>.kadence-column4419_8c7c74-f6 > .kt-inside-inner-col{display:flex;}.kadence-column4419_8c7c74-f6 > .kt-inside-inner-col{padding-top:0em;padding-right:0em;padding-bottom:0em;padding-left:0em;}.kadence-column4419_8c7c74-f6 > .kt-inside-inner-col,.kadence-column4419_8c7c74-f6 > .kt-inside-inner-col:before{border-top-left-radius:0em;border-top-right-radius:0em;border-bottom-right-radius:0em;border-bottom-left-radius:0em;}.kadence-column4419_8c7c74-f6 > .kt-inside-inner-col{row-gap:1em;column-gap:var(--global-kb-gap-sm, 1rem);}.kadence-column4419_8c7c74-f6 > .kt-inside-inner-col{flex-direction:column;}.kadence-column4419_8c7c74-f6 > .kt-inside-inner-col > .aligncenter{width:100%;}.kadence-column4419_8c7c74-f6 > .kt-inside-inner-col:before{opacity:0.3;}.kadence-column4419_8c7c74-f6{text-align:left;}.kadence-column4419_8c7c74-f6{position:relative;}.kadence-column4419_8c7c74-f6, .kt-inside-inner-col > .kadence-column4419_8c7c74-f6:not(.specificity){margin-top:0em;margin-right:0em;margin-bottom:0em;margin-left:0em;}@media all and (max-width: 1024px){.kadence-column4419_8c7c74-f6 > .kt-inside-inner-col{flex-direction:column;justify-content:center;}}@media all and (max-width: 767px){.kadence-column4419_8c7c74-f6 > .kt-inside-inner-col{flex-direction:column;justify-content:center;}}<\/style>\n<div class=\"wp-block-kadence-column kadence-column4419_8c7c74-f6\"><div class=\"kt-inside-inner-col\"><\/div><\/div>\n\n<\/div><\/div><\/div><\/div>\n\n<\/div><\/div>","protected":false},"excerpt":{"rendered":"<p>Disfruta del m\u00e1ximo placer del chocolate y coco sin culpa. Hecha con harina de almendras, endulzada naturalmente con monk fruit (fruta del monje) y repleta de rico cacao, chispas de chocolate sin az\u00facar y\u00a0<span class=\"notion-enable-hover\" data-token-index=\"1\">coco rallado en la mezcla<\/span>. Cada bocado suave y decadente est\u00e1\u00a0<span class=\"notion-enable-hover\" data-token-index=\"3\">terminado con un topping de coco rallado<\/span>. \u00a1Toda la indulgencia que deseas, sin el az\u00facar!<!-- notionvc: 219fe050-0c41-47ec-8685-6ff93ee256fb --><\/p>\n<p>\ud83d\udce6 Enviamos todos los lunes. El corte de pedidos es el s\u00e1bado a las 23:59.<br \/><span style=\"color: red; font-size: 0.75em!important;\">Los pedidos realizados despu\u00e9s del s\u00e1bado a las 23:59 ser\u00e1n enviados el lunes de la siguiente semana.<\/span><\/p>\n","protected":false},"featured_media":4427,"comment_status":"open","ping_status":"closed","template":"","meta":{"_kadence_starter_templates_imported_post":false,"_kad_post_transparent":"default","_kad_post_title":"","_kad_post_layout":"default","_kad_post_sidebar_id":"","_kad_post_content_style":"default","_kad_post_vertical_padding":"default","_kad_post_feature":"","_kad_post_feature_position":"","_kad_post_header":false,"_kad_post_footer":false,"_kad_post_classname":""},"product_brand":[],"product_cat":[39,37],"product_tag":[40],"class_list":{"0":"post-4419","1":"product","2":"type-product","3":"status-publish","4":"has-post-thumbnail","6":"product_cat-sugar-free","7":"product_cat-galletas","8":"product_tag-ny-style","9":"product_shipping_class-cookies","11":"first","12":"instock","13":"taxable","14":"shipping-taxable","15":"purchasable","16":"product-type-simple","17":"entry","18":"content-bg","19":"loop-entry"},"_links":{"self":[{"href":"https:\/\/thecakeryusa.com\/es\/wp-json\/wp\/v2\/product\/4419","targetHints":{"allow":["GET"]}}],"collection":[{"href":"https:\/\/thecakeryusa.com\/es\/wp-json\/wp\/v2\/product"}],"about":[{"href":"https:\/\/thecakeryusa.com\/es\/wp-json\/wp\/v2\/types\/product"}],"replies":[{"embeddable":true,"href":"https:\/\/thecakeryusa.com\/es\/wp-json\/wp\/v2\/comments?post=4419"}],"wp:featuredmedia":[{"embeddable":true,"href":"https:\/\/thecakeryusa.com\/es\/wp-json\/wp\/v2\/media\/4427"}],"wp:attachment":[{"href":"https:\/\/thecakeryusa.com\/es\/wp-json\/wp\/v2\/media?parent=4419"}],"wp:term":[{"taxonomy":"product_brand","embeddable":true,"href":"https:\/\/thecakeryusa.com\/es\/wp-json\/wp\/v2\/product_brand?post=4419"},{"taxonomy":"product_cat","embeddable":true,"href":"https:\/\/thecakeryusa.com\/es\/wp-json\/wp\/v2\/product_cat?post=4419"},{"taxonomy":"product_tag","embeddable":true,"href":"https:\/\/thecakeryusa.com\/es\/wp-json\/wp\/v2\/product_tag?post=4419"}],"curies":[{"name":"wp","href":"https:\/\/api.w.org\/{rel}","templated":true}]}}