{"id":4098,"date":"2025-10-23T12:12:18","date_gmt":"2025-10-23T12:12:18","guid":{"rendered":"https:\/\/thecakeryusa.com\/es\/?page_id=4098"},"modified":"2025-10-25T01:15:02","modified_gmt":"2025-10-25T01:15:02","slug":"cuidado-de-galletas","status":"publish","type":"page","link":"https:\/\/thecakeryusa.com\/es\/galletas\/cuidado-de-galletas\/","title":{"rendered":"Cuidado de las Galletas"},"content":{"rendered":"<style>.kb-row-layout-wrap.wp-block-kadence-rowlayout.kb-row-layout-id4098_0e280a-23{margin-top:0em;margin-bottom:0em;}.kb-row-layout-id4098_0e280a-23 > .kt-row-column-wrap{align-content:start;}:where(.kb-row-layout-id4098_0e280a-23 > .kt-row-column-wrap) > .wp-block-kadence-column{justify-content:start;}.kb-row-layout-id4098_0e280a-23 > .kt-row-column-wrap{column-gap:1em;row-gap:1em;max-width:var( --global-content-width, 1088px );padding-left:var(--global-content-edge-padding);padding-right:var(--global-content-edge-padding);padding-top:0em;padding-right:0em;padding-bottom:0em;padding-left:0em;grid-template-columns:minmax(0, 1fr);}.kb-row-layout-id4098_0e280a-23 > .kt-row-layout-overlay{opacity:0.30;}@media all and (max-width: 1024px){.kb-row-layout-id4098_0e280a-23 > .kt-row-column-wrap{grid-template-columns:minmax(0, 1fr);}}@media all and (max-width: 767px){.kb-row-layout-id4098_0e280a-23 > .kt-row-column-wrap{grid-template-columns:minmax(0, 1fr);}}<\/style><div class=\"kb-row-layout-wrap kb-row-layout-id4098_0e280a-23 alignnone wp-block-kadence-rowlayout\"><div class=\"kt-row-column-wrap kt-has-1-columns kt-row-layout-equal kt-tab-layout-inherit kt-mobile-layout-row kt-row-valign-top kb-theme-content-width\">\n<style>.kadence-column4098_26809c-83 > .kt-inside-inner-col{display:flex;}.kadence-column4098_26809c-83 > .kt-inside-inner-col{padding-top:0em;padding-right:0em;padding-bottom:0em;padding-left:0em;}.kadence-column4098_26809c-83 > .kt-inside-inner-col,.kadence-column4098_26809c-83 > .kt-inside-inner-col:before{border-top-left-radius:0em;border-top-right-radius:0em;border-bottom-right-radius:0em;border-bottom-left-radius:0em;}.kadence-column4098_26809c-83 > .kt-inside-inner-col{row-gap:1em;column-gap:var(--global-kb-gap-sm, 1rem);}.kadence-column4098_26809c-83 > .kt-inside-inner-col{flex-direction:column;}.kadence-column4098_26809c-83 > .kt-inside-inner-col > .aligncenter{width:100%;}.kadence-column4098_26809c-83 > .kt-inside-inner-col:before{opacity:0.3;}.kadence-column4098_26809c-83{text-align:left;}.kadence-column4098_26809c-83{position:relative;}.kadence-column4098_26809c-83, .kt-inside-inner-col > .kadence-column4098_26809c-83:not(.specificity){margin-top:0em;margin-right:0em;margin-bottom:0em;margin-left:0em;}@media all and (max-width: 1024px){.kadence-column4098_26809c-83 > .kt-inside-inner-col{flex-direction:column;justify-content:center;}}@media all and (max-width: 767px){.kadence-column4098_26809c-83 > .kt-inside-inner-col{flex-direction:column;justify-content:center;}}<\/style>\n<div class=\"wp-block-kadence-column kadence-column4098_26809c-83\"><div class=\"kt-inside-inner-col\"><style>.wp-block-kadence-advancedheading.kt-adv-heading4098_957351-a1, .wp-block-kadence-advancedheading.kt-adv-heading4098_957351-a1[data-kb-block=\"kb-adv-heading4098_957351-a1\"]{padding-top:0em;padding-right:0em;padding-bottom:0em;padding-left:0em;margin-top:0em;margin-right:0em;margin-bottom:0em;margin-left:0em;font-style:normal;}.wp-block-kadence-advancedheading.kt-adv-heading4098_957351-a1 mark.kt-highlight, .wp-block-kadence-advancedheading.kt-adv-heading4098_957351-a1[data-kb-block=\"kb-adv-heading4098_957351-a1\"] mark.kt-highlight{font-style:normal;color:#f76a0c;-webkit-box-decoration-break:clone;box-decoration-break:clone;padding-top:0px;padding-right:0px;padding-bottom:0px;padding-left:0px;}.wp-block-kadence-advancedheading.kt-adv-heading4098_957351-a1 img.kb-inline-image, .wp-block-kadence-advancedheading.kt-adv-heading4098_957351-a1[data-kb-block=\"kb-adv-heading4098_957351-a1\"] img.kb-inline-image{width:150px;vertical-align:baseline;}<\/style>\n<h3 class=\"kt-adv-heading4098_957351-a1 wp-block-kadence-advancedheading\" data-kb-block=\"kb-adv-heading4098_957351-a1\">C\u00f3mo disfrutarlas tibias<\/h3>\n\n\n<style>.wp-block-kadence-iconlist.kt-svg-icon-list-items4098_b33836-0b:not(.this-stops-third-party-issues){margin-top:0px;margin-bottom:0px;}.wp-block-kadence-iconlist.kt-svg-icon-list-items4098_b33836-0b ul.kt-svg-icon-list:not(.this-prevents-issues):not(.this-stops-third-party-issues):not(.tijsloc){margin-top:0px;margin-right:0px;margin-bottom:0px;margin-left:0px;padding-top:0px;padding-right:0px;padding-bottom:0px;padding-left:0px;}.wp-block-kadence-iconlist.kt-svg-icon-list-items4098_b33836-0b ul.kt-svg-icon-list{grid-row-gap:5px;}.wp-block-kadence-iconlist.kt-svg-icon-list-items4098_b33836-0b ul.kt-svg-icon-list .kt-svg-icon-list-item-wrap .kt-svg-icon-list-single{margin-right:10px;}.kt-svg-icon-list-items4098_b33836-0b ul.kt-svg-icon-list .kt-svg-icon-list-level-0 .kt-svg-icon-list-single svg{font-size:20px;}<\/style>\n<div class=\"wp-block-kadence-iconlist kt-svg-icon-list-items kt-svg-icon-list-items4098_b33836-0b kt-svg-icon-list-columns-1 alignnone\"><ul class=\"kt-svg-icon-list\"><style>.kt-svg-icon-list-item-4098_9560f1-f8 .kt-svg-icon-list-text mark.kt-highlight{background-color:unset;font-style:normal;color:#f76a0c;-webkit-box-decoration-break:clone;box-decoration-break:clone;padding-top:0px;padding-right:0px;padding-bottom:0px;padding-left:0px;}<\/style>\n<li class=\"wp-block-kadence-listitem kt-svg-icon-list-item-wrap kt-svg-icon-list-item-4098_9560f1-f8\"><span class=\"kb-svg-icon-wrap kb-svg-icon-fas_check-circle kt-svg-icon-list-single\"><svg viewBox=\"0 0 512 512\"  fill=\"currentColor\" xmlns=\"http:\/\/www.w3.org\/2000\/svg\"  aria-hidden=\"true\"><path d=\"M504 256c0 136.967-111.033 248-248 248S8 392.967 8 256 119.033 8 256 8s248 111.033 248 248zM227.314 387.314l184-184c6.248-6.248 6.248-16.379 0-22.627l-22.627-22.627c-6.248-6.249-16.379-6.249-22.628 0L216 308.118l-70.059-70.059c-6.248-6.248-16.379-6.248-22.628 0l-22.627 22.627c-6.248 6.248-6.248 16.379 0 22.627l104 104c6.249 6.249 16.379 6.249 22.628.001z\"\/><\/svg><\/span><span class=\"kt-svg-icon-list-text\"><strong>Microondas:<\/strong>&nbsp;S\u00e1calas del empaque y calienta por 8-10 segundos.<\/span><\/li>\n\n\n<style>.kt-svg-icon-list-item-4098_d465c6-1e .kt-svg-icon-list-text mark.kt-highlight{background-color:unset;font-style:normal;color:#f76a0c;-webkit-box-decoration-break:clone;box-decoration-break:clone;padding-top:0px;padding-right:0px;padding-bottom:0px;padding-left:0px;}<\/style>\n<li class=\"wp-block-kadence-listitem kt-svg-icon-list-item-wrap kt-svg-icon-list-item-4098_d465c6-1e\"><span class=\"kb-svg-icon-wrap kb-svg-icon-fas_check-circle kt-svg-icon-list-single\"><svg viewBox=\"0 0 512 512\"  fill=\"currentColor\" xmlns=\"http:\/\/www.w3.org\/2000\/svg\"  aria-hidden=\"true\"><path d=\"M504 256c0 136.967-111.033 248-248 248S8 392.967 8 256 119.033 8 256 8s248 111.033 248 248zM227.314 387.314l184-184c6.248-6.248 6.248-16.379 0-22.627l-22.627-22.627c-6.248-6.249-16.379-6.249-22.628 0L216 308.118l-70.059-70.059c-6.248-6.248-16.379-6.248-22.628 0l-22.627 22.627c-6.248 6.248-6.248 16.379 0 22.627l104 104c6.249 6.249 16.379 6.249 22.628.001z\"\/><\/svg><\/span><span class=\"kt-svg-icon-list-text\"><strong>Mejor m\u00e9todo (Horno):<\/strong>&nbsp;Precalienta el horno a 180\u00b0C (350\u00b0F) y calienta las galletas (sin empaque) por 4-5 minutos.<\/span><\/li>\n<\/ul><\/div>\n<\/div><\/div>\n\n<\/div><\/div>\n\n<style>.kb-row-layout-wrap.wp-block-kadence-rowlayout.kb-row-layout-id4098_c9bcac-f1{margin-top:0em;margin-bottom:0em;}.kb-row-layout-id4098_c9bcac-f1 > .kt-row-column-wrap{align-content:start;}:where(.kb-row-layout-id4098_c9bcac-f1 > .kt-row-column-wrap) > .wp-block-kadence-column{justify-content:start;}.kb-row-layout-id4098_c9bcac-f1 > .kt-row-column-wrap{column-gap:1em;row-gap:1em;max-width:var( --global-content-width, 1088px );padding-left:var(--global-content-edge-padding);padding-right:var(--global-content-edge-padding);padding-top:2em;padding-right:0em;padding-bottom:2em;padding-left:0em;grid-template-columns:minmax(0, 1fr);}.kb-row-layout-id4098_c9bcac-f1 > .kt-row-layout-overlay{opacity:0.30;}@media all and (max-width: 1024px){.kb-row-layout-id4098_c9bcac-f1 > .kt-row-column-wrap{grid-template-columns:minmax(0, 1fr);}}@media all and (max-width: 767px){.kb-row-layout-id4098_c9bcac-f1 > .kt-row-column-wrap{grid-template-columns:minmax(0, 1fr);}}<\/style><div class=\"kb-row-layout-wrap kb-row-layout-id4098_c9bcac-f1 alignnone wp-block-kadence-rowlayout\"><div class=\"kt-row-column-wrap kt-has-1-columns kt-row-layout-equal kt-tab-layout-inherit kt-mobile-layout-row kt-row-valign-top kb-theme-content-width\">\n<style>.kadence-column4098_4f1975-91 > .kt-inside-inner-col{display:flex;}.kadence-column4098_4f1975-91 > .kt-inside-inner-col{padding-top:1em;padding-right:1em;padding-bottom:1em;padding-left:1em;}.kadence-column4098_4f1975-91 > .kt-inside-inner-col{border-top:0.1em solid #ffe600;border-right:0.1em solid #ffe600;border-bottom:0.1em solid #ffe600;border-left:0.1em solid #ffe600;}.kadence-column4098_4f1975-91 > .kt-inside-inner-col,.kadence-column4098_4f1975-91 > .kt-inside-inner-col:before{border-top-left-radius:2em;border-top-right-radius:2em;border-bottom-right-radius:2em;border-bottom-left-radius:2em;}.kadence-column4098_4f1975-91 > .kt-inside-inner-col{row-gap:1em;column-gap:var(--global-kb-gap-sm, 1rem);}.kadence-column4098_4f1975-91 > .kt-inside-inner-col{flex-direction:column;}.kadence-column4098_4f1975-91 > .kt-inside-inner-col > .aligncenter{width:100%;}.kadence-column4098_4f1975-91 > .kt-inside-inner-col:before{opacity:0.3;}.kadence-column4098_4f1975-91{text-align:left;}.kadence-column4098_4f1975-91{position:relative;}.kadence-column4098_4f1975-91, .kt-inside-inner-col > .kadence-column4098_4f1975-91:not(.specificity){margin-top:0em;margin-right:0em;margin-bottom:0em;margin-left:0em;}@media all and (max-width: 1024px){.kadence-column4098_4f1975-91 > .kt-inside-inner-col{border-top:0.1px solid #ffe600;border-right:0.1px solid #ffe600;border-bottom:0.1px solid #ffe600;border-left:0.1px solid #ffe600;flex-direction:column;justify-content:center;}}@media all and (max-width: 767px){.kadence-column4098_4f1975-91 > .kt-inside-inner-col{border-top:0.1px solid #ffe600;border-right:0.1px solid #ffe600;border-bottom:0.1px solid #ffe600;border-left:0.1px solid #ffe600;flex-direction:column;justify-content:center;}}<\/style>\n<div class=\"wp-block-kadence-column kadence-column4098_4f1975-91\"><div class=\"kt-inside-inner-col\"><style>.wp-block-kadence-advancedheading.kt-adv-heading4098_257e56-87, .wp-block-kadence-advancedheading.kt-adv-heading4098_257e56-87[data-kb-block=\"kb-adv-heading4098_257e56-87\"]{padding-top:0em;padding-right:0em;padding-bottom:0em;padding-left:0em;margin-top:0em;margin-right:0em;margin-bottom:0em;margin-left:0em;font-style:normal;}.wp-block-kadence-advancedheading.kt-adv-heading4098_257e56-87 mark.kt-highlight, .wp-block-kadence-advancedheading.kt-adv-heading4098_257e56-87[data-kb-block=\"kb-adv-heading4098_257e56-87\"] mark.kt-highlight{font-style:normal;color:#f76a0c;-webkit-box-decoration-break:clone;box-decoration-break:clone;padding-top:0px;padding-right:0px;padding-bottom:0px;padding-left:0px;}.wp-block-kadence-advancedheading.kt-adv-heading4098_257e56-87 img.kb-inline-image, .wp-block-kadence-advancedheading.kt-adv-heading4098_257e56-87[data-kb-block=\"kb-adv-heading4098_257e56-87\"] img.kb-inline-image{width:150px;vertical-align:baseline;}<\/style>\n<h6 class=\"kt-adv-heading4098_257e56-87 wp-block-kadence-advancedheading\" data-kb-block=\"kb-adv-heading4098_257e56-87\">\u26a0\ufe0f Advertencia de Al\u00e9rgenos<\/h6>\n\n\n<style>.wp-block-kadence-advancedheading.kt-adv-heading4098_5b734b-b3, .wp-block-kadence-advancedheading.kt-adv-heading4098_5b734b-b3[data-kb-block=\"kb-adv-heading4098_5b734b-b3\"]{padding-top:0em;padding-right:0em;padding-bottom:0em;padding-left:0em;margin-top:0em;margin-right:0em;margin-bottom:0em;margin-left:0em;font-style:normal;}.wp-block-kadence-advancedheading.kt-adv-heading4098_5b734b-b3 mark.kt-highlight, .wp-block-kadence-advancedheading.kt-adv-heading4098_5b734b-b3[data-kb-block=\"kb-adv-heading4098_5b734b-b3\"] mark.kt-highlight{font-style:normal;color:#f76a0c;-webkit-box-decoration-break:clone;box-decoration-break:clone;padding-top:0px;padding-right:0px;padding-bottom:0px;padding-left:0px;}.wp-block-kadence-advancedheading.kt-adv-heading4098_5b734b-b3 img.kb-inline-image, .wp-block-kadence-advancedheading.kt-adv-heading4098_5b734b-b3[data-kb-block=\"kb-adv-heading4098_5b734b-b3\"] img.kb-inline-image{width:150px;vertical-align:baseline;}<\/style>\n<p class=\"kt-adv-heading4098_5b734b-b3 wp-block-kadence-advancedheading\" data-kb-block=\"kb-adv-heading4098_5b734b-b3\">Nuestras galletas pueden contener trigo, soya, huevos, frutos secos, man\u00ed o productos l\u00e1cteos<\/p>\n<\/div><\/div>\n\n<\/div><\/div>\n\n<style>.wp-block-kadence-advancedheading.kt-adv-heading4098_1ca306-ce, .wp-block-kadence-advancedheading.kt-adv-heading4098_1ca306-ce[data-kb-block=\"kb-adv-heading4098_1ca306-ce\"]{padding-top:0em;padding-right:0em;padding-bottom:0em;padding-left:0em;margin-top:0em;margin-right:0em;margin-bottom:0em;margin-left:0em;text-align:center;font-size:0.75em;font-style:normal;}.wp-block-kadence-advancedheading.kt-adv-heading4098_1ca306-ce mark.kt-highlight, .wp-block-kadence-advancedheading.kt-adv-heading4098_1ca306-ce[data-kb-block=\"kb-adv-heading4098_1ca306-ce\"] mark.kt-highlight{font-style:normal;color:#f76a0c;-webkit-box-decoration-break:clone;box-decoration-break:clone;padding-top:0px;padding-right:0px;padding-bottom:0px;padding-left:0px;}.wp-block-kadence-advancedheading.kt-adv-heading4098_1ca306-ce img.kb-inline-image, .wp-block-kadence-advancedheading.kt-adv-heading4098_1ca306-ce[data-kb-block=\"kb-adv-heading4098_1ca306-ce\"] img.kb-inline-image{width:150px;vertical-align:baseline;}<\/style>\n<p class=\"kt-adv-heading4098_1ca306-ce wp-block-kadence-advancedheading\" data-kb-block=\"kb-adv-heading4098_1ca306-ce\">Hacemos lo posible por evitar la contaminaci\u00f3n cruzada, pero no podemos garantizarla.<\/p>\n\n\n<style>.wp-block-kadence-advancedheading.kt-adv-heading4098_742299-e9, .wp-block-kadence-advancedheading.kt-adv-heading4098_742299-e9[data-kb-block=\"kb-adv-heading4098_742299-e9\"]{padding-top:1em;padding-right:0em;padding-bottom:0em;padding-left:0em;margin-top:0em;margin-right:0em;margin-bottom:0em;margin-left:0em;text-align:center;font-style:normal;}.wp-block-kadence-advancedheading.kt-adv-heading4098_742299-e9[data-kb-block=\"kb-adv-heading4098_742299-e9\"]{display:flex;gap:0.25em;justify-content:center;align-items:center;}.wp-block-kadence-advancedheading.kt-adv-heading4098_742299-e9[data-kb-block=\"kb-adv-heading4098_742299-e9\"] .kb-adv-heading-icon svg{width:1em;height:1em;}.wp-block-kadence-advancedheading.kt-adv-heading4098_742299-e9 mark.kt-highlight, .wp-block-kadence-advancedheading.kt-adv-heading4098_742299-e9[data-kb-block=\"kb-adv-heading4098_742299-e9\"] mark.kt-highlight{font-style:normal;color:#f76a0c;-webkit-box-decoration-break:clone;box-decoration-break:clone;padding-top:0px;padding-right:0px;padding-bottom:0px;padding-left:0px;}.wp-block-kadence-advancedheading.kt-adv-heading4098_742299-e9 img.kb-inline-image, .wp-block-kadence-advancedheading.kt-adv-heading4098_742299-e9[data-kb-block=\"kb-adv-heading4098_742299-e9\"] img.kb-inline-image{width:150px;vertical-align:baseline;}<\/style><a class=\"kb-advanced-heading-link kt-adv-heading-link4098_742299-e9\" href=\"https:\/\/thecakeryusa.com\/es\/galletas\/\"><p class=\"kt-adv-heading4098_742299-e9 wp-block-kadence-advancedheading kt-adv-heading-has-icon\" data-kb-block=\"kb-adv-heading4098_742299-e9\"><span class=\"kb-svg-icon-wrap kb-adv-heading-icon kb-svg-icon-fe_arrowLeft kb-adv-heading-icon-side-left\"><svg viewBox=\"0 0 24 24\"  fill=\"none\" stroke=\"currentColor\" stroke-width=\"2\" stroke-linecap=\"round\" stroke-linejoin=\"round\" xmlns=\"http:\/\/www.w3.org\/2000\/svg\"  aria-hidden=\"true\"><line x1=\"19\" y1=\"12\" x2=\"5\" y2=\"12\"\/><polyline points=\"12 19 5 12 12 5\"\/><\/svg><\/span><span class=\"kb-adv-text-inner\">Galletas<\/span><\/p><\/a>","protected":false},"excerpt":{"rendered":"<p>C\u00f3mo disfrutarlas tibias \u26a0\ufe0f Advertencia de Al\u00e9rgenos Nuestras galletas pueden contener trigo, soya, huevos, frutos secos, man\u00ed o productos l\u00e1cteos Hacemos lo posible por evitar la contaminaci\u00f3n cruzada, pero no podemos garantizarla. Galletas<\/p>\n","protected":false},"author":2,"featured_media":4005,"parent":3988,"menu_order":0,"comment_status":"closed","ping_status":"closed","template":"","meta":{"_kadence_starter_templates_imported_post":false,"_kad_post_transparent":"","_kad_post_title":"show","_kad_post_layout":"","_kad_post_sidebar_id":"","_kad_post_content_style":"boxed","_kad_post_vertical_padding":"bottom","_kad_post_feature":"","_kad_post_feature_position":"","_kad_post_header":false,"_kad_post_footer":false,"_kad_post_classname":"","footnotes":""},"class_list":["post-4098","page","type-page","status-publish","has-post-thumbnail","hentry"],"_links":{"self":[{"href":"https:\/\/thecakeryusa.com\/es\/wp-json\/wp\/v2\/pages\/4098","targetHints":{"allow":["GET"]}}],"collection":[{"href":"https:\/\/thecakeryusa.com\/es\/wp-json\/wp\/v2\/pages"}],"about":[{"href":"https:\/\/thecakeryusa.com\/es\/wp-json\/wp\/v2\/types\/page"}],"author":[{"embeddable":true,"href":"https:\/\/thecakeryusa.com\/es\/wp-json\/wp\/v2\/users\/2"}],"replies":[{"embeddable":true,"href":"https:\/\/thecakeryusa.com\/es\/wp-json\/wp\/v2\/comments?post=4098"}],"version-history":[{"count":5,"href":"https:\/\/thecakeryusa.com\/es\/wp-json\/wp\/v2\/pages\/4098\/revisions"}],"predecessor-version":[{"id":4117,"href":"https:\/\/thecakeryusa.com\/es\/wp-json\/wp\/v2\/pages\/4098\/revisions\/4117"}],"up":[{"embeddable":true,"href":"https:\/\/thecakeryusa.com\/es\/wp-json\/wp\/v2\/pages\/3988"}],"wp:featuredmedia":[{"embeddable":true,"href":"https:\/\/thecakeryusa.com\/es\/wp-json\/wp\/v2\/media\/4005"}],"wp:attachment":[{"href":"https:\/\/thecakeryusa.com\/es\/wp-json\/wp\/v2\/media?parent=4098"}],"curies":[{"name":"wp","href":"https:\/\/api.w.org\/{rel}","templated":true}]}}