{"id":2316,"date":"2025-01-07T00:47:40","date_gmt":"2025-01-07T00:47:40","guid":{"rendered":"https:\/\/thecakeryusa.com\/es\/?page_id=2316"},"modified":"2025-07-10T23:07:03","modified_gmt":"2025-07-10T23:07:03","slug":"creditos","status":"publish","type":"page","link":"https:\/\/thecakeryusa.com\/es\/creditos\/","title":{"rendered":"Cr\u00e9ditos de Dise\u00f1o y Desarrollo Web"},"content":{"rendered":"\n<h2 class=\"wp-block-heading\">Dise\u00f1o y Desarrollo<\/h2>\n\n\n\n<p>Este sitio web fue dise\u00f1ado y desarrollado por&nbsp;<strong>Miguel Yendys<\/strong>, especialista en crear experiencias web para atraer clientes potenciales.<\/p>\n\n\n\n<h2 class=\"wp-block-heading\">Caracter\u00edsticas del Proyecto<\/h2>\n\n\n\n<p>El enfoque de este proyecto incluy\u00f3:<\/p>\n\n\n\n<ul class=\"wp-block-list\">\n<li>Dise\u00f1o responsivo para una experiencia \u00f3ptima en todos los dispositivos.<\/li>\n\n\n\n<li>Optimizaci\u00f3n de velocidad y rendimiento.<\/li>\n\n\n\n<li>Implementaci\u00f3n de las mejores pr\u00e1cticas de SEO.<\/li>\n\n\n\n<li>Implementaci\u00f3n de campa\u00f1as publicitarias y estrategias de remarketing.<\/li>\n\n\n\n<li>Integraci\u00f3n de funcionalidades personalizadas para satisfacer las necesidades espec\u00edficas del cliente.<\/li>\n<\/ul>\n\n\n\n<h2 class=\"wp-block-heading\">Tecnolog\u00edas Utilizadas<\/h2>\n\n\n\n<p>Este sitio fue construido utilizando un potente CMS (Sistema de Gesti\u00f3n de Contenidos) y extendiendo sus capacidades con desarrollo a medida.<\/p>\n\n\n\n<h2 class=\"wp-block-heading\">Contacto<\/h2>\n\n\n\n<p>Si necesitas ayuda para atraer clientes potenciales con marketing digital, no dudes en contactarme.<\/p>\n\n\n\n<ul class=\"wp-block-list\">\n<li><strong>Correo Electr\u00f3nico:<\/strong>\u00a0<a href=\"mailto:hola@miguelyendys.com\">hola@miguelyendys.com<\/a><\/li>\n\n\n\n<li><strong>WhatsApp:<\/strong>\u00a0+56 9 4919 4041<\/li>\n\n\n\n<li><strong>Sitio Web:<\/strong>\u00a0<a href=\"https:\/\/miguelyendys.com\/\" target=\"_blank\" rel=\"noreferrer noopener\">miguelyendys.com<\/a><\/li>\n<\/ul>\n","protected":false},"excerpt":{"rendered":"<p>Dise\u00f1o y Desarrollo Este sitio web fue dise\u00f1ado y desarrollado por&nbsp;Miguel Yendys, especialista en crear experiencias web para atraer clientes potenciales. Caracter\u00edsticas del Proyecto El enfoque de este proyecto incluy\u00f3: Tecnolog\u00edas Utilizadas Este sitio fue construido utilizando un potente CMS (Sistema de Gesti\u00f3n de Contenidos) y extendiendo sus capacidades con desarrollo a medida. Contacto Si&#8230;<\/p>\n","protected":false},"author":2,"featured_media":2938,"parent":0,"menu_order":0,"comment_status":"closed","ping_status":"closed","template":"","meta":{"_kadence_starter_templates_imported_post":false,"_kad_post_transparent":"","_kad_post_title":"show","_kad_post_layout":"","_kad_post_sidebar_id":"","_kad_post_content_style":"boxed","_kad_post_vertical_padding":"bottom","_kad_post_feature":"","_kad_post_feature_position":"","_kad_post_header":false,"_kad_post_footer":false,"_kad_post_classname":"","footnotes":""},"class_list":["post-2316","page","type-page","status-publish","has-post-thumbnail","hentry"],"_links":{"self":[{"href":"https:\/\/thecakeryusa.com\/es\/wp-json\/wp\/v2\/pages\/2316","targetHints":{"allow":["GET"]}}],"collection":[{"href":"https:\/\/thecakeryusa.com\/es\/wp-json\/wp\/v2\/pages"}],"about":[{"href":"https:\/\/thecakeryusa.com\/es\/wp-json\/wp\/v2\/types\/page"}],"author":[{"embeddable":true,"href":"https:\/\/thecakeryusa.com\/es\/wp-json\/wp\/v2\/users\/2"}],"replies":[{"embeddable":true,"href":"https:\/\/thecakeryusa.com\/es\/wp-json\/wp\/v2\/comments?post=2316"}],"version-history":[{"count":0,"href":"https:\/\/thecakeryusa.com\/es\/wp-json\/wp\/v2\/pages\/2316\/revisions"}],"wp:featuredmedia":[{"embeddable":true,"href":"https:\/\/thecakeryusa.com\/es\/wp-json\/wp\/v2\/media\/2938"}],"wp:attachment":[{"href":"https:\/\/thecakeryusa.com\/es\/wp-json\/wp\/v2\/media?parent=2316"}],"curies":[{"name":"wp","href":"https:\/\/api.w.org\/{rel}","templated":true}]}}