{"id":2133,"date":"2025-01-06T15:44:01","date_gmt":"2025-01-06T15:44:01","guid":{"rendered":"https:\/\/thecakeryusa.com\/es\/?page_id=2133"},"modified":"2025-07-10T18:47:52","modified_gmt":"2025-07-10T18:47:52","slug":"legal","status":"publish","type":"page","link":"https:\/\/thecakeryusa.com\/es\/legal\/","title":{"rendered":"Aviso Legal, Pol\u00edticas de Privacidad y Cookies"},"content":{"rendered":"\n<h2 class=\"wp-block-heading\">Propietario del Sitio Web<\/h2>\n\n\n\n<p><strong>Nombre de la empresa:<\/strong>&nbsp;The Cakery Dani LLC<\/p>\n\n\n\n<p><strong>N\u00famero de identificaci\u00f3n fiscal (EIN):<\/strong>&nbsp;93-4830694<\/p>\n\n\n\n<p><strong>Direcci\u00f3n:<\/strong>&nbsp;2016 Glass Loop, Unit 6203, Clearwater, FL 33763<\/p>\n\n\n\n<p><strong>Email:<\/strong>\u00a0info@thecakeryusa.com<\/p>\n\n\n\n<p><strong>N\u00famero de tel\u00e9fono:<\/strong>&nbsp;+1 (727) 358-9235<\/p>\n\n\n\n<p>Al utilizar este sitio web, se entiende que el usuario (en adelante, \u00abusted\u00bb) ha le\u00eddo, entendido y aceptado en su totalidad esta p\u00e1gina y cualquier otro aviso o instrucci\u00f3n que aparezca en el sitio web, comprometi\u00e9ndose a utilizarlo de manera apropiada y de acuerdo con la ley, la moral y el orden p\u00fablico.<\/p>\n\n\n\n<p>Nos reservamos el derecho de modificar en cualquier momento los t\u00e9rminos de este sitio web y cualquier otro aviso legal, por lo que recomendamos revisar esta informaci\u00f3n peri\u00f3dicamente. Si no est\u00e1 de acuerdo con estos t\u00e9rminos, debe abstenerse de utilizar el sitio web.<\/p>\n\n\n\n<h2 class=\"wp-block-heading\">Exenci\u00f3n de Responsabilidad<\/h2>\n\n\n\n<p>Este sitio web contiene enlaces a sitios web de terceros sobre los cuales no asumimos ninguna responsabilidad.<\/p>\n\n\n\n<h2 class=\"wp-block-heading\">Propiedad Intelectual<\/h2>\n\n\n\n<p>Queda prohibido cualquier uso del contenido de este sitio web sin la autorizaci\u00f3n por escrito del propietario. Todos los derechos est\u00e1n reservados de acuerdo con las leyes de propiedad intelectual de los Estados Unidos.<\/p>\n\n\n\n<h2 class=\"wp-block-heading\">Comunicaciones Comerciales<\/h2>\n\n\n\n<p>Si recibe mensajes publicitarios de este sitio web y desea dejar de recibirlos, debe notific\u00e1rnoslo a info@thecakeryusa.com.<\/p>\n\n\n\n<h2 class=\"wp-block-heading\">Pol\u00edtica de Privacidad<\/h2>\n\n\n\n<p>En cumplimiento con las leyes federales y estatales aplicables de los Estados Unidos, incluidas, entre otras, la Ley de Privacidad del Consumidor de California (CCPA) y la Ley de Derechos de Privacidad de California (CPRA), nos comprometemos a proteger la privacidad y confidencialidad de los datos personales que recopilamos a trav\u00e9s de nuestro sitio web.<\/p>\n\n\n\n<h3 class=\"wp-block-heading\">Responsable del Tratamiento de Datos<\/h3>\n\n\n\n<p>El propietario es responsable del tratamiento de los datos personales recopilados a trav\u00e9s de este sitio web. Estos datos se incluir\u00e1n en un fichero bajo su responsabilidad.<\/p>\n\n\n\n<h3 class=\"wp-block-heading\">Principio de Calidad<\/h3>\n\n\n\n<p>El Usuario ser\u00e1 responsable de cualquier da\u00f1o o perjuicio causado al propietario o a cualquier tercero por rellenar los formularios de este sitio web con datos falsos, inexactos o de terceros.<\/p>\n\n\n\n<h3 class=\"wp-block-heading\">Finalidad del Tratamiento<\/h3>\n\n\n\n<p>Nuestro sitio web obtiene datos personales a trav\u00e9s de la recepci\u00f3n de formularios y por medio de correo electr\u00f3nico, para:<\/p>\n\n\n\n<ul class=\"wp-block-list\">\n<li>Env\u00edo de comunicaciones comerciales relacionadas con los servicios del propietario.<\/li>\n\n\n\n<li>Atender la solicitud de informaci\u00f3n y prestaci\u00f3n de los servicios y productos ofrecidos.<\/li>\n<\/ul>\n\n\n\n<h3 class=\"wp-block-heading\">Recopilaci\u00f3n de Datos<\/h3>\n\n\n\n<p>La \u00fanica informaci\u00f3n que recopilamos son los datos que usted nos proporciona al rellenar un formulario o enviarnos un mensaje de correo electr\u00f3nico.<\/p>\n\n\n\n<h3 class=\"wp-block-heading\">Derechos del Usuario<\/h3>\n\n\n\n<p>De acuerdo con las leyes aplicables de los Estados Unidos, puede ejercer sus derechos de acceso, rectificaci\u00f3n, supresi\u00f3n, oposici\u00f3n, portabilidad y limitaci\u00f3n, escribiendo a info@thecakeryusa.com\/es.<\/p>\n\n\n\n<h3 class=\"wp-block-heading\">Per\u00edodo de Conservaci\u00f3n<\/h3>\n\n\n\n<p>Conservamos los datos durante el tiempo estrictamente necesario para los fines del tratamiento para los que han sido proporcionados y siguiendo el criterio de minimizaci\u00f3n de datos contemplado en la normativa aplicable.<\/p>\n\n\n\n<h2 class=\"wp-block-heading\">Legislaci\u00f3n Aplicable y Jurisdicci\u00f3n<\/h2>\n\n\n\n<p>En caso de cualquier disputa o conflicto de interpretaci\u00f3n de los t\u00e9rminos y condiciones de uso de este sitio web, as\u00ed como cualquier asunto relacionado con los servicios prestados, se aplicar\u00e1 la legislaci\u00f3n de los Estados Unidos.<\/p>\n\n\n\n<p>Para la resoluci\u00f3n de cualquier controversia que pudiera surgir en relaci\u00f3n con el uso de este sitio web y sus servicios, las partes acuerdan someterse a la jurisdicci\u00f3n de los tribunales del estado de Florida, Estados Unidos, renunciando expresamente a cualquier otro fuero que pudiera corresponderles.<\/p>\n\n\n\n<h2 class=\"wp-block-heading\">Cookies<\/h2>\n\n\n\n<p>Este sitio web utiliza cookies para mejorar su experiencia de navegaci\u00f3n, recordar sus preferencias y mostrar publicidad basada en sus intereses. Tambi\u00e9n utiliza cookies de Google, Meta, LinkedIn, TikTok y Amazon para mostrar publicidad a usuarios similares a usted. Si contin\u00faa navegando, acepta su uso. Si no desea aceptarlas, puede configurar su navegador para rechazarlas, aunque esto puede afectar la funcionalidad del sitio web.<\/p>\n\n\n\n<h3 class=\"wp-block-heading\">C\u00f3mo Controlar las Cookies<\/h3>\n\n\n\n<p>La mayor\u00eda de los navegadores permiten a los usuarios controlar las cookies a trav\u00e9s de las preferencias de configuraci\u00f3n. Es posible que la experiencia general de uso se vea afectada, ya que no ser\u00e1 una experiencia personalizada. Tambi\u00e9n es posible que no se puedan guardar valores de configuraci\u00f3n personalizados, como la informaci\u00f3n de inicio de sesi\u00f3n.<\/p>\n\n\n\n<p>Proporcionamos los enlaces necesarios para configurar las opciones relativas a las cookies en cada navegador:<\/p>\n\n\n\n<ul class=\"wp-block-list\">\n<li><a href=\"blob:https:\/\/0x3eq1xg5qldunwuk41jr4pngc3b8d3htzneb2q87k0zjyls6z-h775241406.scf.usercontent.goog\/8bd52b94-b76e-4904-b5dd-922d63124901#\">Google Chrome<\/a><\/li>\n\n\n\n<li><a href=\"blob:https:\/\/0x3eq1xg5qldunwuk41jr4pngc3b8d3htzneb2q87k0zjyls6z-h775241406.scf.usercontent.goog\/8bd52b94-b76e-4904-b5dd-922d63124901#\">Edge<\/a><\/li>\n\n\n\n<li><a href=\"blob:https:\/\/0x3eq1xg5qldunwuk41jr4pngc3b8d3htzneb2q87k0zjyls6z-h775241406.scf.usercontent.goog\/8bd52b94-b76e-4904-b5dd-922d63124901#\">Mozilla Firefox<\/a><\/li>\n\n\n\n<li><a href=\"blob:https:\/\/0x3eq1xg5qldunwuk41jr4pngc3b8d3htzneb2q87k0zjyls6z-h775241406.scf.usercontent.goog\/8bd52b94-b76e-4904-b5dd-922d63124901#\">Safari<\/a><\/li>\n\n\n\n<li><a href=\"blob:https:\/\/0x3eq1xg5qldunwuk41jr4pngc3b8d3htzneb2q87k0zjyls6z-h775241406.scf.usercontent.goog\/8bd52b94-b76e-4904-b5dd-922d63124901#\">Opera<\/a><\/li>\n<\/ul>\n","protected":false},"excerpt":{"rendered":"<p>Propietario del Sitio Web Nombre de la empresa:&nbsp;The Cakery Dani LLC N\u00famero de identificaci\u00f3n fiscal (EIN):&nbsp;93-4830694 Direcci\u00f3n:&nbsp;2016 Glass Loop, Unit 6203, Clearwater, FL 33763 Email:\u00a0info@thecakeryusa.com N\u00famero de tel\u00e9fono:&nbsp;+1 (727) 358-9235 Al utilizar este sitio web, se entiende que el usuario (en adelante, \u00abusted\u00bb) ha le\u00eddo, entendido y aceptado en su totalidad esta p\u00e1gina y cualquier&#8230;<\/p>\n","protected":false},"author":2,"featured_media":98,"parent":0,"menu_order":0,"comment_status":"closed","ping_status":"closed","template":"","meta":{"_kadence_starter_templates_imported_post":false,"_kad_post_transparent":"","_kad_post_title":"show","_kad_post_layout":"","_kad_post_sidebar_id":"","_kad_post_content_style":"boxed","_kad_post_vertical_padding":"bottom","_kad_post_feature":"","_kad_post_feature_position":"","_kad_post_header":true,"_kad_post_footer":true,"_kad_post_classname":"","footnotes":""},"class_list":["post-2133","page","type-page","status-publish","has-post-thumbnail","hentry"],"_links":{"self":[{"href":"https:\/\/thecakeryusa.com\/es\/wp-json\/wp\/v2\/pages\/2133","targetHints":{"allow":["GET"]}}],"collection":[{"href":"https:\/\/thecakeryusa.com\/es\/wp-json\/wp\/v2\/pages"}],"about":[{"href":"https:\/\/thecakeryusa.com\/es\/wp-json\/wp\/v2\/types\/page"}],"author":[{"embeddable":true,"href":"https:\/\/thecakeryusa.com\/es\/wp-json\/wp\/v2\/users\/2"}],"replies":[{"embeddable":true,"href":"https:\/\/thecakeryusa.com\/es\/wp-json\/wp\/v2\/comments?post=2133"}],"version-history":[{"count":0,"href":"https:\/\/thecakeryusa.com\/es\/wp-json\/wp\/v2\/pages\/2133\/revisions"}],"wp:featuredmedia":[{"embeddable":true,"href":"https:\/\/thecakeryusa.com\/es\/wp-json\/wp\/v2\/media\/98"}],"wp:attachment":[{"href":"https:\/\/thecakeryusa.com\/es\/wp-json\/wp\/v2\/media?parent=2133"}],"curies":[{"name":"wp","href":"https:\/\/api.w.org\/{rel}","templated":true}]}}